{"id":10579,"date":"2026-01-13T14:20:43","date_gmt":"2026-01-13T13:20:43","guid":{"rendered":"https:\/\/www.solutions-informatiques.com\/?page_id=10579"},"modified":"2026-01-13T16:27:13","modified_gmt":"2026-01-13T15:27:13","slug":"conditions-generales-de-vente","status":"publish","type":"page","link":"https:\/\/www.solutions-informatiques.com\/index.php\/conditions-generales-de-vente\/","title":{"rendered":"Conditions g\u00e9n\u00e9rales de vente"},"content":{"rendered":"\t\t<div data-elementor-type=\"wp-page\" data-elementor-id=\"10579\" class=\"elementor elementor-10579\">\n\t\t\t\t<div class=\"elementor-element elementor-element-2be9112 e-flex e-con-boxed wpr-particle-no wpr-jarallax-no wpr-parallax-no wpr-sticky-section-no wpr-equal-height-no e-con e-parent\" data-id=\"2be9112\" data-element_type=\"container\" data-e-type=\"container\">\n\t\t\t\t\t<div class=\"e-con-inner\">\n\t\t\t\t<div class=\"elementor-element elementor-element-eedaf09 elementor-widget elementor-widget-spacer\" data-id=\"eedaf09\" data-element_type=\"widget\" data-e-type=\"widget\" data-widget_type=\"spacer.default\">\n\t\t\t\t<div class=\"elementor-widget-container\">\n\t\t\t\t\t\t\t<div class=\"elementor-spacer\">\n\t\t\t<div class=\"elementor-spacer-inner\"><\/div>\n\t\t<\/div>\n\t\t\t\t\t\t<\/div>\n\t\t\t\t<\/div>\n\t\t\t\t<div class=\"elementor-element elementor-element-1822949 elementor-widget elementor-widget-heading\" data-id=\"1822949\" data-element_type=\"widget\" data-e-type=\"widget\" data-widget_type=\"heading.default\">\n\t\t\t\t<div class=\"elementor-widget-container\">\n\t\t\t\t\t<h2 class=\"elementor-heading-title elementor-size-default\">Conditions g\u00e9n\u00e9rales de vente<\/h2>\t\t\t\t<\/div>\n\t\t\t\t<\/div>\n\t\t\t\t\t<\/div>\n\t\t\t\t<\/div>\n\t\t<div class=\"elementor-element elementor-element-f33db51 e-flex e-con-boxed wpr-particle-no wpr-jarallax-no wpr-parallax-no wpr-sticky-section-no wpr-equal-height-no e-con e-parent\" data-id=\"f33db51\" data-element_type=\"container\" data-e-type=\"container\">\n\t\t\t\t\t<div class=\"e-con-inner\">\n\t\t\t\t<div class=\"elementor-element elementor-element-3bec1b3 elementor-widget elementor-widget-spacer\" data-id=\"3bec1b3\" data-element_type=\"widget\" data-e-type=\"widget\" data-widget_type=\"spacer.default\">\n\t\t\t\t<div class=\"elementor-widget-container\">\n\t\t\t\t\t\t\t<div class=\"elementor-spacer\">\n\t\t\t<div class=\"elementor-spacer-inner\"><\/div>\n\t\t<\/div>\n\t\t\t\t\t\t<\/div>\n\t\t\t\t<\/div>\n\t\t\t\t<div class=\"elementor-element elementor-element-b980a6e elementor-widget elementor-widget-text-editor\" data-id=\"b980a6e\" data-element_type=\"widget\" data-e-type=\"widget\" data-widget_type=\"text-editor.default\">\n\t\t\t\t<div class=\"elementor-widget-container\">\n\t\t\t\t\t\t\t\t\t<ul><li>Conditions g\u00e9n\u00e9rales de vente &#8211; Solutions Informatiques : <a href=\"https:\/\/www.solutions-informatiques.com\/wp-content\/uploads\/2026\/01\/CGV_SI-1.pdf\" target=\"_blank\" rel=\"noopener\">CGV-SI<\/a><\/li><\/ul><ul><li>Conditions g\u00e9n\u00e9rales de vente &#8211; Solutions Informatiques Services : <a href=\"https:\/\/www.solutions-informatiques.com\/wp-content\/uploads\/2026\/01\/CGV_SIS.pdf\" target=\"_blank\" rel=\"noopener\">CGV-SIS<\/a><\/li><\/ul>\t\t\t\t\t\t\t\t<\/div>\n\t\t\t\t<\/div>\n\t\t\t\t<div class=\"elementor-element elementor-element-893761b elementor-widget elementor-widget-spacer\" data-id=\"893761b\" data-element_type=\"widget\" data-e-type=\"widget\" data-widget_type=\"spacer.default\">\n\t\t\t\t<div class=\"elementor-widget-container\">\n\t\t\t\t\t\t\t<div class=\"elementor-spacer\">\n\t\t\t<div class=\"elementor-spacer-inner\"><\/div>\n\t\t<\/div>\n\t\t\t\t\t\t<\/div>\n\t\t\t\t<\/div>\n\t\t\t\t\t<\/div>\n\t\t\t\t<\/div>\n\t\t\t\t<\/div>\n\t\t","protected":false},"excerpt":{"rendered":"<p>Conditions g\u00e9n\u00e9rales de vente Conditions g\u00e9n\u00e9rales de vente &#8211; Solutions Informatiques : CGV-SI Conditions g\u00e9n\u00e9rales de vente &#8211; Solutions Informatiques Services : CGV-SIS<\/p>\n","protected":false},"author":1,"featured_media":0,"parent":0,"menu_order":0,"comment_status":"closed","ping_status":"closed","template":"elementor_canvas","meta":{"_eb_attr":"","footnotes":""},"class_list":["post-10579","page","type-page","status-publish","hentry"],"_links":{"self":[{"href":"https:\/\/www.solutions-informatiques.com\/index.php\/wp-json\/wp\/v2\/pages\/10579","targetHints":{"allow":["GET"]}}],"collection":[{"href":"https:\/\/www.solutions-informatiques.com\/index.php\/wp-json\/wp\/v2\/pages"}],"about":[{"href":"https:\/\/www.solutions-informatiques.com\/index.php\/wp-json\/wp\/v2\/types\/page"}],"author":[{"embeddable":true,"href":"https:\/\/www.solutions-informatiques.com\/index.php\/wp-json\/wp\/v2\/users\/1"}],"replies":[{"embeddable":true,"href":"https:\/\/www.solutions-informatiques.com\/index.php\/wp-json\/wp\/v2\/comments?post=10579"}],"version-history":[{"count":58,"href":"https:\/\/www.solutions-informatiques.com\/index.php\/wp-json\/wp\/v2\/pages\/10579\/revisions"}],"predecessor-version":[{"id":10670,"href":"https:\/\/www.solutions-informatiques.com\/index.php\/wp-json\/wp\/v2\/pages\/10579\/revisions\/10670"}],"wp:attachment":[{"href":"https:\/\/www.solutions-informatiques.com\/index.php\/wp-json\/wp\/v2\/media?parent=10579"}],"curies":[{"name":"wp","href":"https:\/\/api.w.org\/{rel}","templated":true}]}}