{"id":4045,"date":"2025-02-26T15:38:53","date_gmt":"2025-02-26T14:38:53","guid":{"rendered":"https:\/\/www2.solutions-informatiques.com\/?page_id=4045"},"modified":"2025-05-22T11:19:54","modified_gmt":"2025-05-22T09:19:54","slug":"assistance","status":"publish","type":"page","link":"https:\/\/www.solutions-informatiques.com\/index.php\/assistance\/","title":{"rendered":"ASSISTANCE"},"content":{"rendered":"\t\t<div data-elementor-type=\"wp-page\" data-elementor-id=\"4045\" class=\"elementor elementor-4045\">\n\t\t\t\t\t\t<section class=\"elementor-section elementor-top-section elementor-element elementor-element-66a022f elementor-section-boxed elementor-section-height-default elementor-section-height-default wpr-particle-no wpr-jarallax-no wpr-parallax-no wpr-sticky-section-no\" data-id=\"66a022f\" data-element_type=\"section\" data-e-type=\"section\" data-settings=\"{&quot;shape_divider_top&quot;:&quot;opacity-tilt&quot;}\">\n\t\t\t\t\t<div class=\"elementor-shape elementor-shape-top\" aria-hidden=\"true\" data-negative=\"false\">\n\t\t\t<svg xmlns=\"http:\/\/www.w3.org\/2000\/svg\" viewBox=\"0 0 2600 131.1\" preserveAspectRatio=\"none\">\n\t<path class=\"elementor-shape-fill\" d=\"M0 0L2600 0 2600 69.1 0 0z\"\/>\n\t<path class=\"elementor-shape-fill\" style=\"opacity:0.5\" d=\"M0 0L2600 0 2600 69.1 0 69.1z\"\/>\n\t<path class=\"elementor-shape-fill\" style=\"opacity:0.25\" d=\"M2600 0L0 0 0 130.1 2600 69.1z\"\/>\n<\/svg>\t\t<\/div>\n\t\t\t\t\t<div class=\"elementor-container elementor-column-gap-default\">\n\t\t\t\t\t<div class=\"elementor-column elementor-col-50 elementor-top-column elementor-element elementor-element-4bc94c3 elementor-invisible\" data-id=\"4bc94c3\" data-element_type=\"column\" data-e-type=\"column\" data-settings=\"{&quot;background_background&quot;:&quot;classic&quot;,&quot;animation&quot;:&quot;fadeInLeft&quot;}\">\n\t\t\t<div class=\"elementor-widget-wrap elementor-element-populated\">\n\t\t\t\t\t\t<div class=\"elementor-element elementor-element-a87e630 elementor-widget elementor-widget-heading\" data-id=\"a87e630\" data-element_type=\"widget\" data-e-type=\"widget\" data-widget_type=\"heading.default\">\n\t\t\t\t<div class=\"elementor-widget-container\">\n\t\t\t\t\t<h2 class=\"elementor-heading-title elementor-size-default\">Assistance<\/h2>\t\t\t\t<\/div>\n\t\t\t\t<\/div>\n\t\t\t\t<div class=\"elementor-element elementor-element-14f213e elementor-widget-tablet__width-inherit elementor-widget elementor-widget-text-editor\" data-id=\"14f213e\" data-element_type=\"widget\" data-e-type=\"widget\" data-widget_type=\"text-editor.default\">\n\t\t\t\t<div class=\"elementor-widget-container\">\n\t\t\t\t\t\t\t\t\t<p>Sur site ou \u00e0 distance, Solutions Informatiques assure la maintenance informatique et le bon fonctionnement de votre syst\u00e8me d\u2019information et de votre parc informatique.<\/p><p><span class=\"OYPEnA font-feature-liga-off font-feature-clig-off font-feature-calt-off text-decoration-none text-strikethrough-none\">Besoin d\u2019un accompagnement ? Planifiez un rendez-vous !<\/span><\/p><p class=\"cvGsUA direction-ltr align-center para-style-body\"><span class=\"OYPEnA font-feature-liga-off font-feature-clig-off font-feature-calt-off text-decoration-none text-strikethrough-none\">Que ce soit pour un conseil, une d\u00e9monstration ou un projet sp\u00e9cifique, nos experts sont l\u00e0 pour vous aider. Prenez rendez-vous en quelques clics et b\u00e9n\u00e9ficiez d\u2019un \u00e9change personnalis\u00e9 adapt\u00e9 \u00e0 vos besoins.<\/span><\/p>\t\t\t\t\t\t\t\t<\/div>\n\t\t\t\t<\/div>\n\t\t\t\t<div class=\"elementor-element elementor-element-0129537 wpr-button-icon-style-inline wpr-button-icon-position-right elementor-invisible elementor-widget elementor-widget-wpr-button\" data-id=\"0129537\" data-element_type=\"widget\" data-e-type=\"widget\" data-settings=\"{&quot;_animation&quot;:&quot;zoomIn&quot;,&quot;_animation_delay&quot;:300}\" data-widget_type=\"wpr-button.default\">\n\t\t\t\t<div class=\"elementor-widget-container\">\n\t\t\t\t\t\t\n\t\t\t\n\t\t\n\t\t<div class=\"wpr-button-wrap elementor-clearfix\">\n\t\t<a class=\"wpr-button wpr-button-effect wpr-button-antiman\" data-text=\"\" href=\"https:\/\/www.solutions-informatiques.com\/index.php\/prendre-rendez-vous\/\">\n\t\t\t\n\t\t\t<span class=\"wpr-button-content\">\n\t\t\t\t\t\t\t\t\t<span class=\"wpr-button-text\">Prendre rendez-vous<\/span>\n\t\t\t\t\t\t\t\t\n\t\t\t\t\t\t\t<\/span>\n\t\t<\/a>\n\n\t\t\t\t<\/div>\n\t\n\t\n\t\t\t\t\t<\/div>\n\t\t\t\t<\/div>\n\t\t\t\t\t<\/div>\n\t\t<\/div>\n\t\t\t\t<div class=\"elementor-column elementor-col-50 elementor-top-column elementor-element elementor-element-63278ee elementor-invisible\" data-id=\"63278ee\" data-element_type=\"column\" data-e-type=\"column\" data-settings=\"{&quot;background_background&quot;:&quot;classic&quot;,&quot;animation&quot;:&quot;fadeInRight&quot;}\">\n\t\t\t<div class=\"elementor-widget-wrap elementor-element-populated\">\n\t\t\t\t\t\t<div class=\"elementor-element elementor-element-4d44065 elementor-widget elementor-widget-text-editor\" data-id=\"4d44065\" data-element_type=\"widget\" data-e-type=\"widget\" data-widget_type=\"text-editor.default\">\n\t\t\t\t<div class=\"elementor-widget-container\">\n\t\t\t\t\t\t\t\t\t<p>Notre \u00e9quipe intervient \u00e0 distance via TeamViewer ou sur site pour r\u00e9soudre votre probl\u00e8me.<\/p>\t\t\t\t\t\t\t\t<\/div>\n\t\t\t\t<\/div>\n\t\t\t\t<div class=\"elementor-element elementor-element-9c06d56 wpr-button-icon-style-inline wpr-button-icon-position-right elementor-invisible elementor-widget elementor-widget-wpr-button\" data-id=\"9c06d56\" data-element_type=\"widget\" data-e-type=\"widget\" data-settings=\"{&quot;_animation&quot;:&quot;zoomIn&quot;,&quot;_animation_delay&quot;:300}\" data-widget_type=\"wpr-button.default\">\n\t\t\t\t<div class=\"elementor-widget-container\">\n\t\t\t\t\t\t\n\t\t\t\n\t\t\n\t\t<div class=\"wpr-button-wrap elementor-clearfix\">\n\t\t<a class=\"wpr-button wpr-button-effect wpr-button-antiman\" data-text=\"\" href=\"https:\/\/get.teamviewer.com\/qs-si\">\n\t\t\t\n\t\t\t<span class=\"wpr-button-content\">\n\t\t\t\t\t\t\t\t\t<span class=\"wpr-button-text\">Prise en main \u00e0 distance<\/span>\n\t\t\t\t\t\t\t\t\n\t\t\t\t\t\t\t<\/span>\n\t\t<\/a>\n\n\t\t\t\t<\/div>\n\t\n\t\n\t\t\t\t\t<\/div>\n\t\t\t\t<\/div>\n\t\t\t\t<div class=\"elementor-element elementor-element-c83a6e3 elementor-widget elementor-widget-divider\" data-id=\"c83a6e3\" data-element_type=\"widget\" data-e-type=\"widget\" data-widget_type=\"divider.default\">\n\t\t\t\t<div class=\"elementor-widget-container\">\n\t\t\t\t\t\t\t<div class=\"elementor-divider\">\n\t\t\t<span class=\"elementor-divider-separator\">\n\t\t\t\t\t\t<\/span>\n\t\t<\/div>\n\t\t\t\t\t\t<\/div>\n\t\t\t\t<\/div>\n\t\t\t\t<div class=\"elementor-element elementor-element-f86b5d5 elementor-widget__width-initial elementor-widget elementor-widget-image\" data-id=\"f86b5d5\" data-element_type=\"widget\" data-e-type=\"widget\" data-widget_type=\"image.default\">\n\t\t\t\t<div class=\"elementor-widget-container\">\n\t\t\t\t\t\t\t\t\t\t\t\t\t\t\t\t<a href=\"https:\/\/get.teamviewer.com\/qs-si\">\n\t\t\t\t\t\t\t<img decoding=\"async\" width=\"300\" height=\"40\" src=\"https:\/\/www.solutions-informatiques.com\/wp-content\/uploads\/2025\/01\/TeamViewer_logo_new.svg-300x40.png\" class=\"attachment-medium size-medium wp-image-3265\" alt=\"\" srcset=\"https:\/\/www.solutions-informatiques.com\/wp-content\/uploads\/2025\/01\/TeamViewer_logo_new.svg-300x40.png 300w, https:\/\/www.solutions-informatiques.com\/wp-content\/uploads\/2025\/01\/TeamViewer_logo_new.svg.png 768w\" sizes=\"(max-width: 300px) 100vw, 300px\" \/>\t\t\t\t\t\t\t\t<\/a>\n\t\t\t\t\t\t\t\t\t\t\t\t\t\t\t<\/div>\n\t\t\t\t<\/div>\n\t\t\t\t<div class=\"elementor-element elementor-element-1788064 elementor-widget elementor-widget-heading\" data-id=\"1788064\" data-element_type=\"widget\" data-e-type=\"widget\" data-widget_type=\"heading.default\">\n\t\t\t\t<div class=\"elementor-widget-container\">\n\t\t\t\t\t<h2 class=\"elementor-heading-title elementor-size-default\">Version Windows<\/h2>\t\t\t\t<\/div>\n\t\t\t\t<\/div>\n\t\t\t\t<div class=\"elementor-element elementor-element-1f4275e elementor-widget-divider--view-line elementor-widget elementor-widget-divider\" data-id=\"1f4275e\" data-element_type=\"widget\" data-e-type=\"widget\" data-widget_type=\"divider.default\">\n\t\t\t\t<div class=\"elementor-widget-container\">\n\t\t\t\t\t\t\t<div class=\"elementor-divider\">\n\t\t\t<span class=\"elementor-divider-separator\">\n\t\t\t\t\t\t<\/span>\n\t\t<\/div>\n\t\t\t\t\t\t<\/div>\n\t\t\t\t<\/div>\n\t\t\t\t<div class=\"elementor-element elementor-element-2b05fe4 elementor-widget__width-initial elementor-widget elementor-widget-image\" data-id=\"2b05fe4\" data-element_type=\"widget\" data-e-type=\"widget\" data-widget_type=\"image.default\">\n\t\t\t\t<div class=\"elementor-widget-container\">\n\t\t\t\t\t\t\t\t\t\t\t\t\t\t\t\t<a href=\"https:\/\/download.teamviewer.com\/download\/TeamViewerQS.dmg\">\n\t\t\t\t\t\t\t<img decoding=\"async\" width=\"300\" height=\"40\" src=\"https:\/\/www.solutions-informatiques.com\/wp-content\/uploads\/2025\/01\/TeamViewer_logo_new.svg-300x40.png\" class=\"attachment-medium size-medium wp-image-3265\" alt=\"\" srcset=\"https:\/\/www.solutions-informatiques.com\/wp-content\/uploads\/2025\/01\/TeamViewer_logo_new.svg-300x40.png 300w, https:\/\/www.solutions-informatiques.com\/wp-content\/uploads\/2025\/01\/TeamViewer_logo_new.svg.png 768w\" sizes=\"(max-width: 300px) 100vw, 300px\" \/>\t\t\t\t\t\t\t\t<\/a>\n\t\t\t\t\t\t\t\t\t\t\t\t\t\t\t<\/div>\n\t\t\t\t<\/div>\n\t\t\t\t<div class=\"elementor-element elementor-element-a9809d3 elementor-widget elementor-widget-heading\" data-id=\"a9809d3\" data-element_type=\"widget\" data-e-type=\"widget\" data-widget_type=\"heading.default\">\n\t\t\t\t<div class=\"elementor-widget-container\">\n\t\t\t\t\t<h2 class=\"elementor-heading-title elementor-size-default\">Version MacOS<\/h2>\t\t\t\t<\/div>\n\t\t\t\t<\/div>\n\t\t\t\t\t<\/div>\n\t\t<\/div>\n\t\t\t\t\t<\/div>\n\t\t<\/section>\n\t\t\t\t<\/div>\n\t\t","protected":false},"excerpt":{"rendered":"<p>Assistance Sur site ou \u00e0 distance, Solutions Informatiques assure la maintenance informatique et le bon fonctionnement de votre syst\u00e8me d\u2019information et de votre parc informatique. Besoin d\u2019un accompagnement ? Planifiez un rendez-vous ! Que ce soit pour un conseil, une d\u00e9monstration ou un projet sp\u00e9cifique, nos experts sont l\u00e0 pour vous aider. Prenez rendez-vous en quelques clics et b\u00e9n\u00e9ficiez d\u2019un \u00e9change personnalis\u00e9 adapt\u00e9 \u00e0 vos besoins. Prendre rendez-vous Notre \u00e9quipe intervient \u00e0 distance via TeamViewer ou sur site pour r\u00e9soudre votre probl\u00e8me. Prise en main \u00e0 distance Version Windows Version MacOS<\/p>\n","protected":false},"author":1,"featured_media":0,"parent":0,"menu_order":0,"comment_status":"closed","ping_status":"closed","template":"elementor_canvas","meta":{"_eb_attr":"","footnotes":""},"class_list":["post-4045","page","type-page","status-publish","hentry"],"_links":{"self":[{"href":"https:\/\/www.solutions-informatiques.com\/index.php\/wp-json\/wp\/v2\/pages\/4045","targetHints":{"allow":["GET"]}}],"collection":[{"href":"https:\/\/www.solutions-informatiques.com\/index.php\/wp-json\/wp\/v2\/pages"}],"about":[{"href":"https:\/\/www.solutions-informatiques.com\/index.php\/wp-json\/wp\/v2\/types\/page"}],"author":[{"embeddable":true,"href":"https:\/\/www.solutions-informatiques.com\/index.php\/wp-json\/wp\/v2\/users\/1"}],"replies":[{"embeddable":true,"href":"https:\/\/www.solutions-informatiques.com\/index.php\/wp-json\/wp\/v2\/comments?post=4045"}],"version-history":[{"count":43,"href":"https:\/\/www.solutions-informatiques.com\/index.php\/wp-json\/wp\/v2\/pages\/4045\/revisions"}],"predecessor-version":[{"id":6729,"href":"https:\/\/www.solutions-informatiques.com\/index.php\/wp-json\/wp\/v2\/pages\/4045\/revisions\/6729"}],"wp:attachment":[{"href":"https:\/\/www.solutions-informatiques.com\/index.php\/wp-json\/wp\/v2\/media?parent=4045"}],"curies":[{"name":"wp","href":"https:\/\/api.w.org\/{rel}","templated":true}]}}